{"id":31,"date":"2020-10-07T12:12:31","date_gmt":"2020-10-07T12:12:31","guid":{"rendered":"https:\/\/jhe-homepage.de\/?page_id=31"},"modified":"2025-04-25T09:20:13","modified_gmt":"2025-04-25T09:20:13","slug":"wir-ueber-uns","status":"publish","type":"page","link":"https:\/\/jhe-homepage.de\/?page_id=31","title":{"rendered":"Wir \u00fcber uns"},"content":{"rendered":"\n<p style=\"font-size:22px\"><span style=\"color:#980f34\" class=\"tadv-color\">Nachdem die Stadt Duisburg im Jahre 1992 im Rahmen des Freizeitst\u00e4ttenbedarfplanes das ehemals st\u00e4dtische Jugendheim in der Eisenbahnsiedlung geschlossen hatte, gr\u00fcndeten wir einen Verein mit Namen &#8222;Tr\u00e4gergemeinschaft Jugendheim Eisenbahnsiedlung&#8220; und f\u00fchren seitdem das Jugendheim in eigener Verantwortung.<\/span><\/p>\n\n\n\n<figure class=\"wp-block-image size-large is-resized\"><img decoding=\"async\" loading=\"lazy\" width=\"448\" height=\"336\" src=\"https:\/\/jhe-homepage.de\/wp-content\/uploads\/2020\/10\/IMG_0005-1.jpg\" alt=\"\" class=\"wp-image-103\" style=\"width:697px;height:523px\" srcset=\"https:\/\/jhe-homepage.de\/wp-content\/uploads\/2020\/10\/IMG_0005-1.jpg 448w, https:\/\/jhe-homepage.de\/wp-content\/uploads\/2020\/10\/IMG_0005-1-300x225.jpg 300w\" sizes=\"(max-width: 448px) 100vw, 448px\" \/><\/figure>\n\n\n\n<p class=\"has-accent-color has-text-color\" style=\"font-size:22px\">Der Vorstand der Tr\u00e4gergemeinschaft setzt sich zusammen aus : <\/p>\n\n\n\n<p class=\"has-accent-color has-text-color\" style=\"font-size:22px\">Der Vorsitzenden Melanie Kaukorat, der zweiten Vorsitzenden Franziska Majchrzak, der Kassiererin Darleen B\u00f6hmer, den Beisitzern Ina Majchrzak, Stefanie Majchrzak, Carina Strelow, Lisa Skotarek,  und J\u00f6rg Engeln<\/p>\n\n\n\n<p class=\"has-accent-color has-text-color\" style=\"font-size:22px\">\u00dcbrigens &#8211; dieser Vorstand wurde auf der letzten Jahreshauptversammlung (28.03.2023)&nbsp; im Amt best\u00e4tigt, bzw. neu gew\u00e4hlt.<\/p>\n\n\n\n<figure class=\"wp-block-image size-large is-resized\"><img decoding=\"async\" loading=\"lazy\" width=\"448\" height=\"336\" src=\"https:\/\/jhe-homepage.de\/wp-content\/uploads\/2020\/10\/IMG_0007.jpg\" alt=\"\" class=\"wp-image-104\" style=\"width:695px;height:521px\" srcset=\"https:\/\/jhe-homepage.de\/wp-content\/uploads\/2020\/10\/IMG_0007.jpg 448w, https:\/\/jhe-homepage.de\/wp-content\/uploads\/2020\/10\/IMG_0007-300x225.jpg 300w\" sizes=\"(max-width: 448px) 100vw, 448px\" \/><\/figure>\n\n\n\n<p class=\"has-accent-color has-text-color\" style=\"font-size:22px\">Der Verein f\u00f6rdert, als besonders f\u00f6rderungsw\u00fcrdig anerkannte gemeinn\u00fctzige Zwecke, die Jugend- und Altenhilfe. Der Verein ist laut Finanzamt Duisburg-West berechtigt, f\u00fcr Spenden, die ihm zur Verwendung f\u00fcr diese Zwecke zugewendet werden, Zuwendungsbest\u00e4tigungen auszustellen.<\/p>\n\n\n\n<p class=\"has-accent-color has-text-color\" style=\"font-size:22px\">Seitens der Stadt Duisburg, Jugendamt, sind wir nach \u00a7 75 SGB VIII als Tr\u00e4ger der freien Jugendhilfe anerkannt.<\/p>\n\n\n\n<figure class=\"wp-block-image size-large is-resized\"><img decoding=\"async\" loading=\"lazy\" width=\"448\" height=\"336\" src=\"https:\/\/jhe-homepage.de\/wp-content\/uploads\/2020\/10\/IMG_0045.jpg\" alt=\"\" class=\"wp-image-105\" style=\"width:695px;height:521px\" srcset=\"https:\/\/jhe-homepage.de\/wp-content\/uploads\/2020\/10\/IMG_0045.jpg 448w, https:\/\/jhe-homepage.de\/wp-content\/uploads\/2020\/10\/IMG_0045-300x225.jpg 300w\" sizes=\"(max-width: 448px) 100vw, 448px\" \/><\/figure>\n\n\n\n<p class=\"has-accent-color has-text-color\" style=\"font-size:22px\">Im Rahmen der offenen Kinder- und Jugendarbeit \u00f6ffnen unsere Jugendbetreuer das Haus viermal die Woche tags\u00fcber. Montags, Mittwochs und Donnerstags von 15.00 Uhr &#8211; 18.00 Uhr, sowie Freitags von 15.00 Uhr &#8211; 18.00 Uhr, basteln, kochen und spielen wir mit den anwesenden Kindern der Altersgruppe ab 6\u00a0 Jahren. Weiterhin steht das Jugendheim t\u00e4glich in der Zeit von 19.00 Uhr &#8211; 21.00 Uhr allen Besuchern offen.<\/p>\n\n\n\n<p class=\"has-accent-color has-text-color\" style=\"font-size:22px\">Am Dienstag findet keine Kinder-und Jugendarbeit statt! <br>\u00a0<\/p>\n\n\n\n<p><\/p>\n","protected":false},"excerpt":{"rendered":"<p>Nachdem die Stadt Duisburg im Jahre 1992 im Rahmen des Freizeitst\u00e4ttenbedarfplanes das ehemals st\u00e4dtische Jugendheim in der Eisenbahnsiedlung geschlossen hatte, gr\u00fcndeten wir einen Verein mit Namen &#8222;Tr\u00e4gergemeinschaft Jugendheim Eisenbahnsiedlung&#8220; und f\u00fchren seitdem das Jugendheim in eigener Verantwortung. Der Vorstand der Tr\u00e4gergemeinschaft setzt sich zusammen aus : Der Vorsitzenden Melanie Kaukorat, der zweiten Vorsitzenden Franziska Majchrzak,&hellip;<\/p>\n","protected":false},"author":1,"featured_media":0,"parent":5,"menu_order":1,"comment_status":"closed","ping_status":"closed","template":"","meta":{"footnotes":""},"_links":{"self":[{"href":"https:\/\/jhe-homepage.de\/index.php?rest_route=\/wp\/v2\/pages\/31"}],"collection":[{"href":"https:\/\/jhe-homepage.de\/index.php?rest_route=\/wp\/v2\/pages"}],"about":[{"href":"https:\/\/jhe-homepage.de\/index.php?rest_route=\/wp\/v2\/types\/page"}],"author":[{"embeddable":true,"href":"https:\/\/jhe-homepage.de\/index.php?rest_route=\/wp\/v2\/users\/1"}],"replies":[{"embeddable":true,"href":"https:\/\/jhe-homepage.de\/index.php?rest_route=%2Fwp%2Fv2%2Fcomments&post=31"}],"version-history":[{"count":10,"href":"https:\/\/jhe-homepage.de\/index.php?rest_route=\/wp\/v2\/pages\/31\/revisions"}],"predecessor-version":[{"id":225,"href":"https:\/\/jhe-homepage.de\/index.php?rest_route=\/wp\/v2\/pages\/31\/revisions\/225"}],"up":[{"embeddable":true,"href":"https:\/\/jhe-homepage.de\/index.php?rest_route=\/wp\/v2\/pages\/5"}],"wp:attachment":[{"href":"https:\/\/jhe-homepage.de\/index.php?rest_route=%2Fwp%2Fv2%2Fmedia&parent=31"}],"curies":[{"name":"wp","href":"https:\/\/api.w.org\/{rel}","templated":true}]}}